{"id":2,"date":"2026-01-26T21:18:19","date_gmt":"2026-01-26T21:18:19","guid":{"rendered":"http:\/\/leroyaumeintemporel.fr\/?page_id=2"},"modified":"2026-02-02T21:07:40","modified_gmt":"2026-02-02T21:07:40","slug":"sample-page","status":"publish","type":"page","link":"https:\/\/leroyaumeintemporel.fr\/index.php\/sample-page\/","title":{"rendered":"Qu&rsquo;est-ce que le RI ?"},"content":{"rendered":"\n<p>Le Royaume intemporel est un projet de bande-dessin\u00e9e \u00e9volutive dont les diff\u00e9rents tomes regrouperont plusieurs \u00e9tats d&rsquo;esprits. Commen\u00e7ant l\u00e9g\u00e8re et comique, l&rsquo;histoire gagnera en maturit\u00e9 et prendra une teinte de plus en plus sombre. Voici pour le concept.<\/p>\n\n\n\n<blockquote class=\"wp-block-quote is-layout-flow wp-block-quote-is-layout-flow\">\n<p>L&rsquo;histoire :<\/p>\n\n\n\n<p>\u00c9tienne, Jonathan son fr\u00e8re et Oc\u00e9ane leur cousine sont trois jeunes ados pour lesquels le destin va radicalement changer. Alors qu&rsquo;ils s&rsquo;amusaient ensemble, un \u00e9clair aveuglant, comme une puissante d\u00e9charge \u00e9lectrique, fait appara\u00eetre Paulus, un magicien du dimanche qui testait le \u00ab\u00a0sceptre de lumi\u00e8re\u00a0\u00bb vendu en kit sur 377 num\u00e9ros par le biais d&rsquo;un abonnement et qu&rsquo;il venait de terminer. H\u00e9las ! Il s&rsquo;agissait d&rsquo;un dysfonctionnement de l&rsquo;\u00e9trange artefact \u00e9lectro-magique, et aussit\u00f4t, Paulus disparut, l&rsquo;\u00e9nergie lumineuse emmenant avec lui les trois jeunes rest\u00e9s cois jusque l\u00e0.<\/p>\n\n\n\n<p>Extrait :<\/p>\n<\/blockquote>\n\n\n\n<div class=\"wp-block-group is-nowrap is-layout-flex wp-container-core-group-is-layout-6c531013 wp-block-group-is-layout-flex\">\n<div class=\"wp-block-group is-nowrap is-layout-flex wp-container-core-group-is-layout-6c531013 wp-block-group-is-layout-flex\">\n<figure data-wp-context=\"{&quot;imageId&quot;:&quot;69d529063dee7&quot;}\" data-wp-interactive=\"core\/image\" data-wp-key=\"69d529063dee7\" class=\"wp-block-image size-large wp-lightbox-container\"><img loading=\"lazy\" decoding=\"async\" width=\"724\" height=\"1024\" data-wp-class--hide=\"state.isContentHidden\" data-wp-class--show=\"state.isContentVisible\" data-wp-init=\"callbacks.setButtonStyles\" data-wp-on--click=\"actions.showLightbox\" data-wp-on--load=\"callbacks.setButtonStyles\" data-wp-on-window--resize=\"callbacks.setButtonStyles\" src=\"https:\/\/leroyaumeintemporel.fr\/wp-content\/uploads\/2026\/02\/1-724x1024.jpg\" alt=\"\" class=\"wp-image-211\" srcset=\"https:\/\/leroyaumeintemporel.fr\/wp-content\/uploads\/2026\/02\/1-724x1024.jpg 724w, https:\/\/leroyaumeintemporel.fr\/wp-content\/uploads\/2026\/02\/1-212x300.jpg 212w, https:\/\/leroyaumeintemporel.fr\/wp-content\/uploads\/2026\/02\/1-768x1086.jpg 768w, https:\/\/leroyaumeintemporel.fr\/wp-content\/uploads\/2026\/02\/1-1086x1536.jpg 1086w, https:\/\/leroyaumeintemporel.fr\/wp-content\/uploads\/2026\/02\/1-1448x2048.jpg 1448w, https:\/\/leroyaumeintemporel.fr\/wp-content\/uploads\/2026\/02\/1-scaled.jpg 1810w\" sizes=\"auto, (max-width: 724px) 100vw, 724px\" \/><button\n\t\t\tclass=\"lightbox-trigger\"\n\t\t\ttype=\"button\"\n\t\t\taria-haspopup=\"dialog\"\n\t\t\taria-label=\"Agrandir\"\n\t\t\tdata-wp-init=\"callbacks.initTriggerButton\"\n\t\t\tdata-wp-on--click=\"actions.showLightbox\"\n\t\t\tdata-wp-style--right=\"state.imageButtonRight\"\n\t\t\tdata-wp-style--top=\"state.imageButtonTop\"\n\t\t>\n\t\t\t<svg xmlns=\"http:\/\/www.w3.org\/2000\/svg\" width=\"12\" height=\"12\" fill=\"none\" viewBox=\"0 0 12 12\">\n\t\t\t\t<path fill=\"#fff\" d=\"M2 0a2 2 0 0 0-2 2v2h1.5V2a.5.5 0 0 1 .5-.5h2V0H2Zm2 10.5H2a.5.5 0 0 1-.5-.5V8H0v2a2 2 0 0 0 2 2h2v-1.5ZM8 12v-1.5h2a.5.5 0 0 0 .5-.5V8H12v2a2 2 0 0 1-2 2H8Zm2-12a2 2 0 0 1 2 2v2h-1.5V2a.5.5 0 0 0-.5-.5H8V0h2Z\" \/>\n\t\t\t<\/svg>\n\t\t<\/button><\/figure>\n<\/div>\n\n\n\n<figure data-wp-context=\"{&quot;imageId&quot;:&quot;69d529063e3a6&quot;}\" data-wp-interactive=\"core\/image\" data-wp-key=\"69d529063e3a6\" class=\"wp-block-image size-large wp-lightbox-container\"><img loading=\"lazy\" decoding=\"async\" width=\"724\" height=\"1024\" data-wp-class--hide=\"state.isContentHidden\" data-wp-class--show=\"state.isContentVisible\" data-wp-init=\"callbacks.setButtonStyles\" data-wp-on--click=\"actions.showLightbox\" data-wp-on--load=\"callbacks.setButtonStyles\" data-wp-on-window--resize=\"callbacks.setButtonStyles\" src=\"https:\/\/leroyaumeintemporel.fr\/wp-content\/uploads\/2026\/02\/2-724x1024.jpg\" alt=\"\" class=\"wp-image-212\" srcset=\"https:\/\/leroyaumeintemporel.fr\/wp-content\/uploads\/2026\/02\/2-724x1024.jpg 724w, https:\/\/leroyaumeintemporel.fr\/wp-content\/uploads\/2026\/02\/2-212x300.jpg 212w, https:\/\/leroyaumeintemporel.fr\/wp-content\/uploads\/2026\/02\/2-768x1086.jpg 768w, https:\/\/leroyaumeintemporel.fr\/wp-content\/uploads\/2026\/02\/2-1086x1536.jpg 1086w, https:\/\/leroyaumeintemporel.fr\/wp-content\/uploads\/2026\/02\/2-1448x2048.jpg 1448w, https:\/\/leroyaumeintemporel.fr\/wp-content\/uploads\/2026\/02\/2-scaled.jpg 1810w\" sizes=\"auto, (max-width: 724px) 100vw, 724px\" \/><button\n\t\t\tclass=\"lightbox-trigger\"\n\t\t\ttype=\"button\"\n\t\t\taria-haspopup=\"dialog\"\n\t\t\taria-label=\"Agrandir\"\n\t\t\tdata-wp-init=\"callbacks.initTriggerButton\"\n\t\t\tdata-wp-on--click=\"actions.showLightbox\"\n\t\t\tdata-wp-style--right=\"state.imageButtonRight\"\n\t\t\tdata-wp-style--top=\"state.imageButtonTop\"\n\t\t>\n\t\t\t<svg xmlns=\"http:\/\/www.w3.org\/2000\/svg\" width=\"12\" height=\"12\" fill=\"none\" viewBox=\"0 0 12 12\">\n\t\t\t\t<path fill=\"#fff\" d=\"M2 0a2 2 0 0 0-2 2v2h1.5V2a.5.5 0 0 1 .5-.5h2V0H2Zm2 10.5H2a.5.5 0 0 1-.5-.5V8H0v2a2 2 0 0 0 2 2h2v-1.5ZM8 12v-1.5h2a.5.5 0 0 0 .5-.5V8H12v2a2 2 0 0 1-2 2H8Zm2-12a2 2 0 0 1 2 2v2h-1.5V2a.5.5 0 0 0-.5-.5H8V0h2Z\" \/>\n\t\t\t<\/svg>\n\t\t<\/button><\/figure>\n\n\n\n<figure data-wp-context=\"{&quot;imageId&quot;:&quot;69d529063e768&quot;}\" data-wp-interactive=\"core\/image\" data-wp-key=\"69d529063e768\" class=\"wp-block-image size-large wp-lightbox-container\"><img loading=\"lazy\" decoding=\"async\" width=\"724\" height=\"1024\" data-wp-class--hide=\"state.isContentHidden\" data-wp-class--show=\"state.isContentVisible\" data-wp-init=\"callbacks.setButtonStyles\" data-wp-on--click=\"actions.showLightbox\" data-wp-on--load=\"callbacks.setButtonStyles\" data-wp-on-window--resize=\"callbacks.setButtonStyles\" src=\"https:\/\/leroyaumeintemporel.fr\/wp-content\/uploads\/2026\/02\/3-724x1024.jpg\" alt=\"\" class=\"wp-image-213\" srcset=\"https:\/\/leroyaumeintemporel.fr\/wp-content\/uploads\/2026\/02\/3-724x1024.jpg 724w, https:\/\/leroyaumeintemporel.fr\/wp-content\/uploads\/2026\/02\/3-212x300.jpg 212w, https:\/\/leroyaumeintemporel.fr\/wp-content\/uploads\/2026\/02\/3-768x1086.jpg 768w, https:\/\/leroyaumeintemporel.fr\/wp-content\/uploads\/2026\/02\/3-1086x1536.jpg 1086w, https:\/\/leroyaumeintemporel.fr\/wp-content\/uploads\/2026\/02\/3-1448x2048.jpg 1448w, https:\/\/leroyaumeintemporel.fr\/wp-content\/uploads\/2026\/02\/3-scaled.jpg 1810w\" sizes=\"auto, (max-width: 724px) 100vw, 724px\" \/><button\n\t\t\tclass=\"lightbox-trigger\"\n\t\t\ttype=\"button\"\n\t\t\taria-haspopup=\"dialog\"\n\t\t\taria-label=\"Agrandir\"\n\t\t\tdata-wp-init=\"callbacks.initTriggerButton\"\n\t\t\tdata-wp-on--click=\"actions.showLightbox\"\n\t\t\tdata-wp-style--right=\"state.imageButtonRight\"\n\t\t\tdata-wp-style--top=\"state.imageButtonTop\"\n\t\t>\n\t\t\t<svg xmlns=\"http:\/\/www.w3.org\/2000\/svg\" width=\"12\" height=\"12\" fill=\"none\" viewBox=\"0 0 12 12\">\n\t\t\t\t<path fill=\"#fff\" d=\"M2 0a2 2 0 0 0-2 2v2h1.5V2a.5.5 0 0 1 .5-.5h2V0H2Zm2 10.5H2a.5.5 0 0 1-.5-.5V8H0v2a2 2 0 0 0 2 2h2v-1.5ZM8 12v-1.5h2a.5.5 0 0 0 .5-.5V8H12v2a2 2 0 0 1-2 2H8Zm2-12a2 2 0 0 1 2 2v2h-1.5V2a.5.5 0 0 0-.5-.5H8V0h2Z\" \/>\n\t\t\t<\/svg>\n\t\t<\/button><\/figure>\n<\/div>\n\n\n\n<div class=\"wp-block-group is-nowrap is-layout-flex wp-container-core-group-is-layout-6c531013 wp-block-group-is-layout-flex\">\n<figure data-wp-context=\"{&quot;imageId&quot;:&quot;69d529063eef0&quot;}\" data-wp-interactive=\"core\/image\" data-wp-key=\"69d529063eef0\" class=\"wp-block-image size-large wp-lightbox-container\"><img loading=\"lazy\" decoding=\"async\" width=\"724\" height=\"1024\" data-wp-class--hide=\"state.isContentHidden\" data-wp-class--show=\"state.isContentVisible\" data-wp-init=\"callbacks.setButtonStyles\" data-wp-on--click=\"actions.showLightbox\" data-wp-on--load=\"callbacks.setButtonStyles\" data-wp-on-window--resize=\"callbacks.setButtonStyles\" src=\"https:\/\/leroyaumeintemporel.fr\/wp-content\/uploads\/2026\/01\/4-724x1024.jpg\" alt=\"\" class=\"wp-image-127\" srcset=\"https:\/\/leroyaumeintemporel.fr\/wp-content\/uploads\/2026\/01\/4-724x1024.jpg 724w, https:\/\/leroyaumeintemporel.fr\/wp-content\/uploads\/2026\/01\/4-212x300.jpg 212w, https:\/\/leroyaumeintemporel.fr\/wp-content\/uploads\/2026\/01\/4-768x1086.jpg 768w, https:\/\/leroyaumeintemporel.fr\/wp-content\/uploads\/2026\/01\/4-1086x1536.jpg 1086w, https:\/\/leroyaumeintemporel.fr\/wp-content\/uploads\/2026\/01\/4-1448x2048.jpg 1448w, https:\/\/leroyaumeintemporel.fr\/wp-content\/uploads\/2026\/01\/4-scaled.jpg 1810w\" sizes=\"auto, (max-width: 724px) 100vw, 724px\" \/><button\n\t\t\tclass=\"lightbox-trigger\"\n\t\t\ttype=\"button\"\n\t\t\taria-haspopup=\"dialog\"\n\t\t\taria-label=\"Agrandir\"\n\t\t\tdata-wp-init=\"callbacks.initTriggerButton\"\n\t\t\tdata-wp-on--click=\"actions.showLightbox\"\n\t\t\tdata-wp-style--right=\"state.imageButtonRight\"\n\t\t\tdata-wp-style--top=\"state.imageButtonTop\"\n\t\t>\n\t\t\t<svg xmlns=\"http:\/\/www.w3.org\/2000\/svg\" width=\"12\" height=\"12\" fill=\"none\" viewBox=\"0 0 12 12\">\n\t\t\t\t<path fill=\"#fff\" d=\"M2 0a2 2 0 0 0-2 2v2h1.5V2a.5.5 0 0 1 .5-.5h2V0H2Zm2 10.5H2a.5.5 0 0 1-.5-.5V8H0v2a2 2 0 0 0 2 2h2v-1.5ZM8 12v-1.5h2a.5.5 0 0 0 .5-.5V8H12v2a2 2 0 0 1-2 2H8Zm2-12a2 2 0 0 1 2 2v2h-1.5V2a.5.5 0 0 0-.5-.5H8V0h2Z\" \/>\n\t\t\t<\/svg>\n\t\t<\/button><\/figure>\n\n\n\n<figure data-wp-context=\"{&quot;imageId&quot;:&quot;69d529063f28c&quot;}\" data-wp-interactive=\"core\/image\" data-wp-key=\"69d529063f28c\" class=\"wp-block-image size-large wp-lightbox-container\"><img loading=\"lazy\" decoding=\"async\" width=\"724\" height=\"1024\" data-wp-class--hide=\"state.isContentHidden\" data-wp-class--show=\"state.isContentVisible\" data-wp-init=\"callbacks.setButtonStyles\" data-wp-on--click=\"actions.showLightbox\" data-wp-on--load=\"callbacks.setButtonStyles\" data-wp-on-window--resize=\"callbacks.setButtonStyles\" src=\"https:\/\/leroyaumeintemporel.fr\/wp-content\/uploads\/2026\/01\/5-724x1024.jpg\" alt=\"\" class=\"wp-image-128\" srcset=\"https:\/\/leroyaumeintemporel.fr\/wp-content\/uploads\/2026\/01\/5-724x1024.jpg 724w, https:\/\/leroyaumeintemporel.fr\/wp-content\/uploads\/2026\/01\/5-212x300.jpg 212w, https:\/\/leroyaumeintemporel.fr\/wp-content\/uploads\/2026\/01\/5-768x1086.jpg 768w, https:\/\/leroyaumeintemporel.fr\/wp-content\/uploads\/2026\/01\/5-1086x1536.jpg 1086w, https:\/\/leroyaumeintemporel.fr\/wp-content\/uploads\/2026\/01\/5-1448x2048.jpg 1448w, https:\/\/leroyaumeintemporel.fr\/wp-content\/uploads\/2026\/01\/5-scaled.jpg 1810w\" sizes=\"auto, (max-width: 724px) 100vw, 724px\" \/><button\n\t\t\tclass=\"lightbox-trigger\"\n\t\t\ttype=\"button\"\n\t\t\taria-haspopup=\"dialog\"\n\t\t\taria-label=\"Agrandir\"\n\t\t\tdata-wp-init=\"callbacks.initTriggerButton\"\n\t\t\tdata-wp-on--click=\"actions.showLightbox\"\n\t\t\tdata-wp-style--right=\"state.imageButtonRight\"\n\t\t\tdata-wp-style--top=\"state.imageButtonTop\"\n\t\t>\n\t\t\t<svg xmlns=\"http:\/\/www.w3.org\/2000\/svg\" width=\"12\" height=\"12\" fill=\"none\" viewBox=\"0 0 12 12\">\n\t\t\t\t<path fill=\"#fff\" d=\"M2 0a2 2 0 0 0-2 2v2h1.5V2a.5.5 0 0 1 .5-.5h2V0H2Zm2 10.5H2a.5.5 0 0 1-.5-.5V8H0v2a2 2 0 0 0 2 2h2v-1.5ZM8 12v-1.5h2a.5.5 0 0 0 .5-.5V8H12v2a2 2 0 0 1-2 2H8Zm2-12a2 2 0 0 1 2 2v2h-1.5V2a.5.5 0 0 0-.5-.5H8V0h2Z\" \/>\n\t\t\t<\/svg>\n\t\t<\/button><\/figure>\n\n\n\n<figure data-wp-context=\"{&quot;imageId&quot;:&quot;69d529063f63a&quot;}\" data-wp-interactive=\"core\/image\" data-wp-key=\"69d529063f63a\" class=\"wp-block-image size-large wp-lightbox-container\"><img loading=\"lazy\" decoding=\"async\" width=\"724\" height=\"1024\" data-wp-class--hide=\"state.isContentHidden\" data-wp-class--show=\"state.isContentVisible\" data-wp-init=\"callbacks.setButtonStyles\" data-wp-on--click=\"actions.showLightbox\" data-wp-on--load=\"callbacks.setButtonStyles\" data-wp-on-window--resize=\"callbacks.setButtonStyles\" src=\"https:\/\/leroyaumeintemporel.fr\/wp-content\/uploads\/2026\/01\/6-724x1024.jpg\" alt=\"\" class=\"wp-image-129\" srcset=\"https:\/\/leroyaumeintemporel.fr\/wp-content\/uploads\/2026\/01\/6-724x1024.jpg 724w, https:\/\/leroyaumeintemporel.fr\/wp-content\/uploads\/2026\/01\/6-212x300.jpg 212w, https:\/\/leroyaumeintemporel.fr\/wp-content\/uploads\/2026\/01\/6-768x1086.jpg 768w, https:\/\/leroyaumeintemporel.fr\/wp-content\/uploads\/2026\/01\/6-1086x1536.jpg 1086w, https:\/\/leroyaumeintemporel.fr\/wp-content\/uploads\/2026\/01\/6-1448x2048.jpg 1448w, https:\/\/leroyaumeintemporel.fr\/wp-content\/uploads\/2026\/01\/6-scaled.jpg 1810w\" sizes=\"auto, (max-width: 724px) 100vw, 724px\" \/><button\n\t\t\tclass=\"lightbox-trigger\"\n\t\t\ttype=\"button\"\n\t\t\taria-haspopup=\"dialog\"\n\t\t\taria-label=\"Agrandir\"\n\t\t\tdata-wp-init=\"callbacks.initTriggerButton\"\n\t\t\tdata-wp-on--click=\"actions.showLightbox\"\n\t\t\tdata-wp-style--right=\"state.imageButtonRight\"\n\t\t\tdata-wp-style--top=\"state.imageButtonTop\"\n\t\t>\n\t\t\t<svg xmlns=\"http:\/\/www.w3.org\/2000\/svg\" width=\"12\" height=\"12\" fill=\"none\" viewBox=\"0 0 12 12\">\n\t\t\t\t<path fill=\"#fff\" d=\"M2 0a2 2 0 0 0-2 2v2h1.5V2a.5.5 0 0 1 .5-.5h2V0H2Zm2 10.5H2a.5.5 0 0 1-.5-.5V8H0v2a2 2 0 0 0 2 2h2v-1.5ZM8 12v-1.5h2a.5.5 0 0 0 .5-.5V8H12v2a2 2 0 0 1-2 2H8Zm2-12a2 2 0 0 1 2 2v2h-1.5V2a.5.5 0 0 0-.5-.5H8V0h2Z\" \/>\n\t\t\t<\/svg>\n\t\t<\/button><\/figure>\n<\/div>\n\n\n\n<div class=\"wp-block-group is-nowrap is-layout-flex wp-container-core-group-is-layout-6c531013 wp-block-group-is-layout-flex\">\n<figure data-wp-context=\"{&quot;imageId&quot;:&quot;69d529063fa21&quot;}\" data-wp-interactive=\"core\/image\" data-wp-key=\"69d529063fa21\" class=\"wp-block-image size-large wp-lightbox-container\"><img loading=\"lazy\" decoding=\"async\" width=\"724\" height=\"1024\" data-wp-class--hide=\"state.isContentHidden\" data-wp-class--show=\"state.isContentVisible\" data-wp-init=\"callbacks.setButtonStyles\" data-wp-on--click=\"actions.showLightbox\" data-wp-on--load=\"callbacks.setButtonStyles\" data-wp-on-window--resize=\"callbacks.setButtonStyles\" src=\"https:\/\/leroyaumeintemporel.fr\/wp-content\/uploads\/2026\/01\/7-1-724x1024.jpg\" alt=\"\" class=\"wp-image-131\" srcset=\"https:\/\/leroyaumeintemporel.fr\/wp-content\/uploads\/2026\/01\/7-1-724x1024.jpg 724w, https:\/\/leroyaumeintemporel.fr\/wp-content\/uploads\/2026\/01\/7-1-212x300.jpg 212w, https:\/\/leroyaumeintemporel.fr\/wp-content\/uploads\/2026\/01\/7-1-768x1086.jpg 768w, https:\/\/leroyaumeintemporel.fr\/wp-content\/uploads\/2026\/01\/7-1-1086x1536.jpg 1086w, https:\/\/leroyaumeintemporel.fr\/wp-content\/uploads\/2026\/01\/7-1-1448x2048.jpg 1448w, https:\/\/leroyaumeintemporel.fr\/wp-content\/uploads\/2026\/01\/7-1-scaled.jpg 1810w\" sizes=\"auto, (max-width: 724px) 100vw, 724px\" \/><button\n\t\t\tclass=\"lightbox-trigger\"\n\t\t\ttype=\"button\"\n\t\t\taria-haspopup=\"dialog\"\n\t\t\taria-label=\"Agrandir\"\n\t\t\tdata-wp-init=\"callbacks.initTriggerButton\"\n\t\t\tdata-wp-on--click=\"actions.showLightbox\"\n\t\t\tdata-wp-style--right=\"state.imageButtonRight\"\n\t\t\tdata-wp-style--top=\"state.imageButtonTop\"\n\t\t>\n\t\t\t<svg xmlns=\"http:\/\/www.w3.org\/2000\/svg\" width=\"12\" height=\"12\" fill=\"none\" viewBox=\"0 0 12 12\">\n\t\t\t\t<path fill=\"#fff\" d=\"M2 0a2 2 0 0 0-2 2v2h1.5V2a.5.5 0 0 1 .5-.5h2V0H2Zm2 10.5H2a.5.5 0 0 1-.5-.5V8H0v2a2 2 0 0 0 2 2h2v-1.5ZM8 12v-1.5h2a.5.5 0 0 0 .5-.5V8H12v2a2 2 0 0 1-2 2H8Zm2-12a2 2 0 0 1 2 2v2h-1.5V2a.5.5 0 0 0-.5-.5H8V0h2Z\" \/>\n\t\t\t<\/svg>\n\t\t<\/button><\/figure>\n\n\n\n<figure data-wp-context=\"{&quot;imageId&quot;:&quot;69d529063fdd7&quot;}\" data-wp-interactive=\"core\/image\" data-wp-key=\"69d529063fdd7\" class=\"wp-block-image size-large wp-lightbox-container\"><img loading=\"lazy\" decoding=\"async\" width=\"724\" height=\"1024\" data-wp-class--hide=\"state.isContentHidden\" data-wp-class--show=\"state.isContentVisible\" data-wp-init=\"callbacks.setButtonStyles\" data-wp-on--click=\"actions.showLightbox\" data-wp-on--load=\"callbacks.setButtonStyles\" data-wp-on-window--resize=\"callbacks.setButtonStyles\" src=\"https:\/\/leroyaumeintemporel.fr\/wp-content\/uploads\/2026\/01\/8-724x1024.jpg\" alt=\"\" class=\"wp-image-132\" srcset=\"https:\/\/leroyaumeintemporel.fr\/wp-content\/uploads\/2026\/01\/8-724x1024.jpg 724w, https:\/\/leroyaumeintemporel.fr\/wp-content\/uploads\/2026\/01\/8-212x300.jpg 212w, https:\/\/leroyaumeintemporel.fr\/wp-content\/uploads\/2026\/01\/8-768x1086.jpg 768w, https:\/\/leroyaumeintemporel.fr\/wp-content\/uploads\/2026\/01\/8-1086x1536.jpg 1086w, https:\/\/leroyaumeintemporel.fr\/wp-content\/uploads\/2026\/01\/8-1448x2048.jpg 1448w, https:\/\/leroyaumeintemporel.fr\/wp-content\/uploads\/2026\/01\/8-scaled.jpg 1810w\" sizes=\"auto, (max-width: 724px) 100vw, 724px\" \/><button\n\t\t\tclass=\"lightbox-trigger\"\n\t\t\ttype=\"button\"\n\t\t\taria-haspopup=\"dialog\"\n\t\t\taria-label=\"Agrandir\"\n\t\t\tdata-wp-init=\"callbacks.initTriggerButton\"\n\t\t\tdata-wp-on--click=\"actions.showLightbox\"\n\t\t\tdata-wp-style--right=\"state.imageButtonRight\"\n\t\t\tdata-wp-style--top=\"state.imageButtonTop\"\n\t\t>\n\t\t\t<svg xmlns=\"http:\/\/www.w3.org\/2000\/svg\" width=\"12\" height=\"12\" fill=\"none\" viewBox=\"0 0 12 12\">\n\t\t\t\t<path fill=\"#fff\" d=\"M2 0a2 2 0 0 0-2 2v2h1.5V2a.5.5 0 0 1 .5-.5h2V0H2Zm2 10.5H2a.5.5 0 0 1-.5-.5V8H0v2a2 2 0 0 0 2 2h2v-1.5ZM8 12v-1.5h2a.5.5 0 0 0 .5-.5V8H12v2a2 2 0 0 1-2 2H8Zm2-12a2 2 0 0 1 2 2v2h-1.5V2a.5.5 0 0 0-.5-.5H8V0h2Z\" \/>\n\t\t\t<\/svg>\n\t\t<\/button><\/figure>\n\n\n\n<figure data-wp-context=\"{&quot;imageId&quot;:&quot;69d5290640361&quot;}\" data-wp-interactive=\"core\/image\" data-wp-key=\"69d5290640361\" class=\"wp-block-image size-large wp-lightbox-container\"><img loading=\"lazy\" decoding=\"async\" width=\"724\" height=\"1024\" data-wp-class--hide=\"state.isContentHidden\" data-wp-class--show=\"state.isContentVisible\" data-wp-init=\"callbacks.setButtonStyles\" data-wp-on--click=\"actions.showLightbox\" data-wp-on--load=\"callbacks.setButtonStyles\" data-wp-on-window--resize=\"callbacks.setButtonStyles\" src=\"https:\/\/leroyaumeintemporel.fr\/wp-content\/uploads\/2026\/01\/9-724x1024.jpg\" alt=\"\" class=\"wp-image-133\" srcset=\"https:\/\/leroyaumeintemporel.fr\/wp-content\/uploads\/2026\/01\/9-724x1024.jpg 724w, https:\/\/leroyaumeintemporel.fr\/wp-content\/uploads\/2026\/01\/9-212x300.jpg 212w, https:\/\/leroyaumeintemporel.fr\/wp-content\/uploads\/2026\/01\/9-768x1086.jpg 768w, https:\/\/leroyaumeintemporel.fr\/wp-content\/uploads\/2026\/01\/9-1086x1536.jpg 1086w, https:\/\/leroyaumeintemporel.fr\/wp-content\/uploads\/2026\/01\/9-1448x2048.jpg 1448w, https:\/\/leroyaumeintemporel.fr\/wp-content\/uploads\/2026\/01\/9-scaled.jpg 1810w\" sizes=\"auto, (max-width: 724px) 100vw, 724px\" \/><button\n\t\t\tclass=\"lightbox-trigger\"\n\t\t\ttype=\"button\"\n\t\t\taria-haspopup=\"dialog\"\n\t\t\taria-label=\"Agrandir\"\n\t\t\tdata-wp-init=\"callbacks.initTriggerButton\"\n\t\t\tdata-wp-on--click=\"actions.showLightbox\"\n\t\t\tdata-wp-style--right=\"state.imageButtonRight\"\n\t\t\tdata-wp-style--top=\"state.imageButtonTop\"\n\t\t>\n\t\t\t<svg xmlns=\"http:\/\/www.w3.org\/2000\/svg\" width=\"12\" height=\"12\" fill=\"none\" viewBox=\"0 0 12 12\">\n\t\t\t\t<path fill=\"#fff\" d=\"M2 0a2 2 0 0 0-2 2v2h1.5V2a.5.5 0 0 1 .5-.5h2V0H2Zm2 10.5H2a.5.5 0 0 1-.5-.5V8H0v2a2 2 0 0 0 2 2h2v-1.5ZM8 12v-1.5h2a.5.5 0 0 0 .5-.5V8H12v2a2 2 0 0 1-2 2H8Zm2-12a2 2 0 0 1 2 2v2h-1.5V2a.5.5 0 0 0-.5-.5H8V0h2Z\" \/>\n\t\t\t<\/svg>\n\t\t<\/button><\/figure>\n<\/div>\n\n\n\n<p>Pour revenir \u00e0 l&rsquo;accueil, cliquez sur l&rsquo;image ci-dessous \u00e0 gauche.<\/p>\n","protected":false},"excerpt":{"rendered":"<p>Le Royaume intemporel est un projet de bande-dessin\u00e9e \u00e9volutive dont les diff\u00e9rents tomes regrouperont plusieurs \u00e9tats d&rsquo;esprits. Commen\u00e7ant l\u00e9g\u00e8re et comique, l&rsquo;histoire gagnera en maturit\u00e9 et prendra une teinte de plus en plus sombre. Voici pour le concept. L&rsquo;histoire : \u00c9tienne, Jonathan son fr\u00e8re et Oc\u00e9ane leur cousine sont trois jeunes ados pour lesquels le [&hellip;]<\/p>\n","protected":false},"author":1,"featured_media":0,"parent":0,"menu_order":0,"comment_status":"closed","ping_status":"open","template":"","meta":{"footnotes":""},"class_list":["post-2","page","type-page","status-publish","hentry"],"_links":{"self":[{"href":"https:\/\/leroyaumeintemporel.fr\/index.php\/wp-json\/wp\/v2\/pages\/2","targetHints":{"allow":["GET"]}}],"collection":[{"href":"https:\/\/leroyaumeintemporel.fr\/index.php\/wp-json\/wp\/v2\/pages"}],"about":[{"href":"https:\/\/leroyaumeintemporel.fr\/index.php\/wp-json\/wp\/v2\/types\/page"}],"author":[{"embeddable":true,"href":"https:\/\/leroyaumeintemporel.fr\/index.php\/wp-json\/wp\/v2\/users\/1"}],"replies":[{"embeddable":true,"href":"https:\/\/leroyaumeintemporel.fr\/index.php\/wp-json\/wp\/v2\/comments?post=2"}],"version-history":[{"count":18,"href":"https:\/\/leroyaumeintemporel.fr\/index.php\/wp-json\/wp\/v2\/pages\/2\/revisions"}],"predecessor-version":[{"id":216,"href":"https:\/\/leroyaumeintemporel.fr\/index.php\/wp-json\/wp\/v2\/pages\/2\/revisions\/216"}],"wp:attachment":[{"href":"https:\/\/leroyaumeintemporel.fr\/index.php\/wp-json\/wp\/v2\/media?parent=2"}],"curies":[{"name":"wp","href":"https:\/\/api.w.org\/{rel}","templated":true}]}}